{"id":2375,"date":"2020-12-29T18:22:34","date_gmt":"2020-12-29T18:22:34","guid":{"rendered":"https:\/\/com360.cat\/politica-de-cookies\/"},"modified":"2020-12-29T18:22:36","modified_gmt":"2020-12-29T18:22:36","slug":"politica-de-cookies","status":"publish","type":"page","link":"https:\/\/com360.cat\/es\/politica-de-cookies\/","title":{"rendered":"Pol\u00edtica de cookies"},"content":{"rendered":"<p><div class=\"fusion-fullwidth fullwidth-box fusion-builder-row-1 nonhundred-percent-fullwidth non-hundred-percent-height-scrolling\" style=\"--awb-background-position:center bottom;--awb-background-blend-mode:overlay;--awb-border-radius-top-left:0px;--awb-border-radius-top-right:0px;--awb-border-radius-bottom-right:0px;--awb-border-radius-bottom-left:0px;--awb-padding-top:200px;--awb-padding-bottom:0px;--awb-background-color:#efefef;\" ><div class=\"fusion-builder-row fusion-row\"><div class=\"fusion-layout-column fusion_builder_column fusion-builder-column-0 fusion_builder_column_1_1 1_1 fusion-one-full fusion-column-first fusion-column-last fusion-animated\" style=\"--awb-padding-top:0px;--awb-padding-bottom:40px;--awb-bg-position:center center;--awb-bg-size:cover;\" data-animationType=\"fadeInLeft\" data-animationDuration=\"1.0\" data-animationOffset=\"top-into-view\"><div class=\"fusion-column-wrapper fusion-column-has-shadow fusion-flex-column-wrapper-legacy\"><div class=\"fusion-title title fusion-title-1 fusion-sep-none fusion-title-text fusion-title-size-one icona-titol\" style=\"--awb-text-color:#d60b72;--awb-margin-bottom-small:0px;--awb-font-size:100px;\"><h1 class=\"title-heading-left fusion-responsive-typography-calculated\" style=\"font-family:&quot;Paralex Thin&quot;;font-style:normal;font-weight:400;margin:0;font-size:1em;--fontSize:100;line-height:1.4;\"><p style=\"line-height: 0em; font-size: 0.5em; letter-spacing: 0.02em; text-align: center;\">Pol\u00edtica de cookies<\/p><\/h1><\/div><div class=\"fusion-sep-clear\"><\/div><div class=\"fusion-separator fusion-no-medium-visibility fusion-no-large-visibility fusion-full-width-sep\" style=\"margin-left: auto;margin-right: auto;margin-top:40px;width:100%;\"><\/div><div class=\"fusion-sep-clear\"><\/div><div class=\"fusion-clearfix\"><\/div><\/div><\/div><div class=\"fusion-layout-column fusion_builder_column fusion-builder-column-1 fusion_builder_column_1_1 1_1 fusion-one-full fusion-column-first fusion-column-last\" style=\"--awb-bg-size:cover;\"><div class=\"fusion-column-wrapper fusion-column-has-shadow fusion-flex-column-wrapper-legacy\"><div class=\"fusion-section-separator section-separator hills fusion-section-separator-1\" style=\"--awb-spacer-padding-top:10.44921875%;--awb-svg-margin-left:0;--awb-svg-margin-right:0;--awb-sep-font-size:0;--awb-sep-line-height:0;\"><div class=\"fusion-section-separator-svg\"><svg class=\"fusion-hills-candy\" fill=\"#ffffff\" xmlns=\"http:\/\/www.w3.org\/2000\/svg\" version=\"1.1\" width=\"100%\" viewBox=\"0 74 1024 107\" preserveAspectRatio=\"none\" fill=\"rgba(255,255,255,1)\"><path class=\"st4\" d=\"M0 182.086h1024v-77.312c-49.05 20.07-120.525 42.394-193.229 42.086-128.922-.512-159.846-72.294-255.795-72.294-89.088 0-134.656 80.179-245.043 82.022S169.063 99.346 49.971 97.401C32.768 97.094 16.077 99.244 0 103.135v78.951z\"\/><\/svg><\/div><div class=\"fusion-section-separator-spacer\"><div class=\"fusion-section-separator-spacer-height\"><\/div><\/div><\/div><div class=\"fusion-clearfix\"><\/div><\/div><\/div><\/div><\/div><div class=\"fusion-fullwidth fullwidth-box fusion-builder-row-2 fusion-flex-container nonhundred-percent-fullwidth non-hundred-percent-height-scrolling\" style=\"--awb-border-radius-top-left:0px;--awb-border-radius-top-right:0px;--awb-border-radius-bottom-right:0px;--awb-border-radius-bottom-left:0px;--awb-padding-bottom:100px;\" ><div class=\"fusion-builder-row fusion-row fusion-flex-align-items-flex-start\" style=\"max-width:1185.6px;margin-left: calc(-4% \/ 2 );margin-right: calc(-4% \/ 2 );\"><div class=\"fusion-layout-column fusion_builder_column fusion-builder-column-2 fusion_builder_column_1_1 1_1 fusion-flex-column\" style=\"--awb-bg-size:cover;--awb-width-large:100%;--awb-margin-top-large:0px;--awb-spacing-right-large:1.92%;--awb-margin-bottom-large:0px;--awb-spacing-left-large:1.92%;--awb-width-medium:100%;--awb-order-medium:0;--awb-spacing-right-medium:1.92%;--awb-spacing-left-medium:1.92%;--awb-width-small:100%;--awb-order-small:0;--awb-spacing-right-small:1.92%;--awb-spacing-left-small:1.92%;\"><div class=\"fusion-column-wrapper fusion-column-has-shadow fusion-flex-justify-content-flex-start fusion-content-layout-column\"><div class=\"fusion-text fusion-text-1\"><p>En esta p\u00e1gina encontrar\u00e9is informaci\u00f3n de la Pol\u00edtica sobre recogida y tratamiento de cookies de https:\/\/com360.cat\/ La p\u00e1gina que est\u00e1 usted visitando pertenece a ROSA RUBIO COM360 GRADOS S.L. (\u201cCOM360\u201d).<\/p>\n<h2>1. Concepto de Cookies<\/h2>\n<p>Las cookies son ficheros que se almacenan al ordenador del Usuario que accede al Sitio web y navega a trav\u00e9s de \u00e9l y que, en particular, contiene un n\u00famero que permite identificar un\u00edvocamente el ordenador del Usuario, aunque este cambie de localizaci\u00f3n o de direcci\u00f3n IP.<\/p>\n<p>As\u00ed, las cookies recopilan informaci\u00f3n que nos puede permitir identificarlo o identificar su ubicaci\u00f3n aproximada, adem\u00e1s de guardar informaci\u00f3n sobre sus preferencias de navegaci\u00f3n para proporcionarle una experiencia m\u00e1s personal en pr\u00f3ximas visitas al sitio web. Adem\u00e1s, el uso de cookies nos permite recoger sobre patrones de uso del sitio web para realizar mejoras en nuestros servicios.<\/p>\n<p>Las cookies son instaladas durante la navegaci\u00f3n a trav\u00e9s del sitio web, bien por COM360 o bien por terceros con los cuales se relaciona el sitio web, y nos permite conocer su actividad en el mismo o en otros con los cuales se relaciona este, por ejemplo: el lugar desde el cual se accede, el tiempo de conexi\u00f3n, el dispositivo desde el cual se accede (fijo o m\u00f3vil), el sistema operativo y navegador utilizados, las p\u00e1ginas m\u00e1s visitadas, el n\u00famero de clics realizados y de datos respecto al comportamiento el usuario a Internet.<\/p>\n<p>El sitio web es accesible sin necesidad que las cookies est\u00e9n activadas, si bien, su desactivaci\u00f3n puede impedir el correcto funcionamiento del mismo.<\/p>\n<h2>2. Autorizaci\u00f3n para el uso de cookies<\/h2>\n<p>En conformidad con el aviso de cookies que aparece al pie de p\u00e1gina del sitio web, el Usuario acepta que, al navegar por el mismo, consiente expresamente en el uso de cookies por parte de COM360 seg\u00fan la descripci\u00f3n que se detalla a continuaci\u00f3n.<\/p>\n<p>El Usuario podr\u00e1 revocar su consentimiento previamente otorgado en cualquier momento, as\u00ed como configurar las cookies e incluso rechazar su uso a trav\u00e9s de las opciones de configuraci\u00f3n de cookies que le ofrece su navegador de Internet; d\u00e1ndole detalle al final de la presente pol\u00edtica.<\/p>\n<h2>3. Tipos de Cookies<\/h2>\n<p>El Usuario que navega por el sitio web puede encontrar cookies insertadas directamente por COM360 (el \u201cTitular\u201d), o bien cookies insertadas por entidades diferentes a esta, seg\u00fan se detalla en los siguientes apartados:<\/p>\n<h3>Seg\u00fan la finalidad perseguida:<\/h3>\n<p>Cookies t\u00e9cnicas. Son aquellas que permiten al usuario la navegaci\u00f3n a trav\u00e9s de una p\u00e1gina web, plataforma o aplicaci\u00f3n, y la utilizaci\u00f3n de las diferentes opciones o servicios que permita, por ejemplo, controlar el tr\u00e1fico y la comunicaci\u00f3n de datos, identificar la sesi\u00f3n, acceder a partes de acceso restringido, recordar los elementos que integran un pedido, llevar a cabo el proceso de compra de un pedido, hacer la solicitud de inscripci\u00f3n o participaci\u00f3n en un acontecimiento, utilizar elementos de seguridad durante la navegaci\u00f3n, almacenar contenidos para la difusi\u00f3n de videos o sonido o compartir contenidos a trav\u00e9s de redes sociales.<\/p>\n<p>Cookies de geolocalizaci\u00f3n. Se utilizan para saber en qu\u00e9 lugar se encuentra un usuario cuando solicita un servicio. Esta cookie es an\u00f3nima y se utiliza, por ejemplo, para ofreceros la informaci\u00f3n adecuada seg\u00fan el pa\u00eds en que os encontr\u00e1is.<\/p>\n<p>Cookies de personalizaci\u00f3n. Son aquellas que permiten al usuario acceder al servicio con algunas caracter\u00edsticas de car\u00e1cter general predefinidas en funci\u00f3n de una serie de criterios en el terminal del usuario, como por ejemplo ser\u00edan el idioma, el tipo de navegador a trav\u00e9s del cual accede al servicio, la configuraci\u00f3n regional desde donde accede al servicio, etc.<\/p>\n<p>Cookies de an\u00e1lisis. Son las que permiten que su responsable haga el seguimiento y el an\u00e1lisis del comportamiento de los usuarios del sitio web al cual est\u00e1n vinculadas. La informaci\u00f3n recogida mediante este tipo de cookies se utiliza en la anal\u00edtica de la actividad del sitio web, plataforma o aplicaci\u00f3n y para la elaboraci\u00f3n de perfiles de navegaci\u00f3n de los usuarios de este sitio web, plataforma o aplicaci\u00f3n, a fin de introducir mejoras en funci\u00f3n del an\u00e1lisis de los datos de uso que en fan los usuarios.<\/p>\n<p>Cookies publicitarias. Son las que permiten gestionar de la manera m\u00e1s eficaz posible la oferta de los espacios publicitarios que hay en la p\u00e1gina web y adecuar el contenido del anuncio al contenido del servicio solicitado o al uso que feudo de nuestra p\u00e1gina web.<\/p>\n<p>Cookies de publicidad comportamental. Son las que permiten gestionar de la forma m\u00e1s eficaz posible los espacios publicitarios que hay en la p\u00e1gina web. Estas cookies almacenan informaci\u00f3n del comportamiento de los usuarios obtenida a trav\u00e9s de la observaci\u00f3n continuada de sus h\u00e1bitos de navegaci\u00f3n, hecho que permite desarrollar un perfil espec\u00edfico para mostrar publicidad en funci\u00f3n del perfil.<\/p>\n<h3>En funci\u00f3n de su duraci\u00f3n, las cookies pueden ser:<\/h3>\n<p>De sesi\u00f3n. Son un tipo de cookies dise\u00f1adas para reclamar y almacenar datos mientras el usuario accede a una p\u00e1gina web. Estas cookies no quedan almacenadas en el ordenador del usuario cuando caduca la sesi\u00f3n o este cierra el navegador.<\/p>\n<p>Persistentes. Son un tipo de cookies donde los datos siguen almacenados en el ordenador del usuario y se pueden acceder a ellas y tratar cuando el usuario abandona la p\u00e1gina web y cuando vuelve a conectarse. Estas cookies se pueden borrar en cualquier momento por el usuario.<\/p>\n<h3>En funci\u00f3n de la entidad que las gestiona:<\/h3>\n<p>Cookies propias: Son aquellas que se env\u00edan al equipo terminal del usuario desde un equipo o dominio gestionado por el titular de la p\u00e1gina web y des de la cual se preseta el servicio solicitado por el usuario.<\/p>\n<p>Cookies de terceros: Son aquellas que se env\u00edan al equipo terminal del usuario desde un equipo o dominio que no es gestionado por el titular de la p\u00e1gina web desde la cual se presta el servicio solicitado por el usuario, sino por otra entidad que trata los datos obtenidos a trav\u00e9s de las cookies. En el caso de que las cookies sean instaladas desde un equipo o dominio gestionado por el mismo titular del sitio web pero la informaci\u00f3n que se recoja mediante estas sea gestionada por un tercero, tambi\u00e9n ser\u00e1n consideradas como cookies de terceros.<\/p>\n<p>Cookies que utilizamos:<\/p>\n<h3><img decoding=\"async\" class=\"alignnone wp-image-2257 size-full\" src=\"https:\/\/com360.cat\/wp-content\/uploads\/2020\/10\/cookies-1.jpg\" alt=\"\" width=\"601\" height=\"394\" srcset=\"https:\/\/com360.cat\/wp-content\/uploads\/2020\/10\/cookies-1-200x131.jpg 200w, https:\/\/com360.cat\/wp-content\/uploads\/2020\/10\/cookies-1-300x197.jpg 300w, https:\/\/com360.cat\/wp-content\/uploads\/2020\/10\/cookies-1-400x262.jpg 400w, https:\/\/com360.cat\/wp-content\/uploads\/2020\/10\/cookies-1.jpg 601w\" sizes=\"(max-width: 601px) 100vw, 601px\" \/> <img decoding=\"async\" class=\"alignnone size-full wp-image-2258\" src=\"https:\/\/com360.cat\/wp-content\/uploads\/2020\/10\/cookies-2.jpg\" alt=\"\" width=\"601\" height=\"422\" srcset=\"https:\/\/com360.cat\/wp-content\/uploads\/2020\/10\/cookies-2-200x140.jpg 200w, https:\/\/com360.cat\/wp-content\/uploads\/2020\/10\/cookies-2-300x211.jpg 300w, https:\/\/com360.cat\/wp-content\/uploads\/2020\/10\/cookies-2-400x281.jpg 400w, https:\/\/com360.cat\/wp-content\/uploads\/2020\/10\/cookies-2.jpg 601w\" sizes=\"(max-width: 601px) 100vw, 601px\" \/> <img decoding=\"async\" class=\"alignnone size-full wp-image-2259\" src=\"https:\/\/com360.cat\/wp-content\/uploads\/2020\/10\/cookies-3.jpg\" alt=\"\" width=\"601\" height=\"338\" srcset=\"https:\/\/com360.cat\/wp-content\/uploads\/2020\/10\/cookies-3-200x112.jpg 200w, https:\/\/com360.cat\/wp-content\/uploads\/2020\/10\/cookies-3-300x169.jpg 300w, https:\/\/com360.cat\/wp-content\/uploads\/2020\/10\/cookies-3-400x225.jpg 400w, https:\/\/com360.cat\/wp-content\/uploads\/2020\/10\/cookies-3.jpg 601w\" sizes=\"(max-width: 601px) 100vw, 601px\" \/> <img decoding=\"async\" class=\"alignnone size-full wp-image-2260\" src=\"https:\/\/com360.cat\/wp-content\/uploads\/2020\/10\/cookies-4.jpg\" alt=\"\" width=\"601\" height=\"276\" srcset=\"https:\/\/com360.cat\/wp-content\/uploads\/2020\/10\/cookies-4-200x92.jpg 200w, https:\/\/com360.cat\/wp-content\/uploads\/2020\/10\/cookies-4-300x138.jpg 300w, https:\/\/com360.cat\/wp-content\/uploads\/2020\/10\/cookies-4-400x184.jpg 400w, https:\/\/com360.cat\/wp-content\/uploads\/2020\/10\/cookies-4.jpg 601w\" sizes=\"(max-width: 601px) 100vw, 601px\" \/><\/h3>\n<h2>4. Configuraci\u00f3n del navegador<\/h2>\n<p>El Titular recuerda a sus Usuarios que el uso de cookies queda sujeto a su aceptaci\u00f3n durante la instalaci\u00f3n o actualizaci\u00f3n del navegador empleado por el Usuario.<\/p>\n<p>Esta aceptaci\u00f3n podr\u00e1 ser posteriormente revocada mediante las opciones de configuraci\u00f3n de contenidos y privacidad disponibles al mismo. El Titular recomienda a sus usuarios que consulten la ayuda de su navegador o acceda en las p\u00e1ginas web de ayuda de los principales navegadores:<\/p>\n<ul>\n<li><a href=\"https:\/\/support.google.com\/chrome\/answer\/95647?hl=es\">Chrome<\/a><\/li>\n<li><a href=\"https:\/\/support.google.com\/chrome\/answer\/114662?hl=es&amp;rd=1\">Chrome para Android<\/a><\/li>\n<li><a href=\"https:\/\/support.mozilla.org\/es\/kb\/habilitar-y-deshabilitar-cookies-sitios-web-rastrear-preferencias?redirectlocale=es&amp;redirectslug=habilitar-y-deshabilitar-cookies-que-los-sitios-we\">Firefox<\/a><\/li>\n<li><a href=\"https:\/\/support.microsoft.com\/en-us\/products\/windows?os=windows-10\">Explorer<\/a><\/li>\n<li><a href=\"https:\/\/support.apple.com\/kb\/ph5042?locale=en_US\">Safari<\/a><\/li>\n<li><a href=\"https:\/\/support.apple.com\/kb\/ph5042?locale=en_US\">Safari para IOS (iPhone y iPad)<\/a><\/li>\n<li><a href=\"https:\/\/privacy.microsoft.com\/en-us\/windows-10-microsoft-edge-and-privacy\">Windows 10: Microsoft Edge<\/a><\/li>\n<\/ul>\n<p>Algunos terceros facilitan este rechazo a trav\u00e9s de los siguientes enlaces:<\/p>\n<ul>\n<li><a href=\"https:\/\/www.facebook.com\/help\/1075880512458213\/?helpref=hc_fnav\">Facebook<\/a><\/li>\n<li><a href=\"https:\/\/support.google.com\/ads\/answer\/2662922?hl=es\">Google\/Youtube<\/a><\/li>\n<\/ul>\n<p>Si el usuario quiere hacer alguna pregunta sobre la Pol\u00edtica de Cookies del sitio web, puede contactar con el titular a trav\u00e9s de la secci\u00f3n de contacto o mediante la direcci\u00f3n de correo electr\u00f3nico info@com360.cat, indicando en el asunto \u201cPol\u00edtica de Cookies \u201c.<\/p>\n<p><strong>Pol\u00edtica de cookies actualizada por \u00faltima vez 2\/07\/2018<\/strong><\/p>\n<\/div><\/div><\/div><\/div><\/div><\/p>\n","protected":false},"excerpt":{"rendered":"","protected":false},"author":1,"featured_media":0,"parent":0,"menu_order":0,"comment_status":"closed","ping_status":"closed","template":"100-width.php","meta":[],"yoast_head":"<!-- This site is optimized with the Yoast SEO plugin v20.7 - https:\/\/yoast.com\/wordpress\/plugins\/seo\/ -->\n<title>Pol\u00edtica de cookies | Com360\u00ba<\/title>\n<meta name=\"robots\" content=\"index, follow, max-snippet:-1, max-image-preview:large, max-video-preview:-1\" \/>\n<link rel=\"canonical\" href=\"https:\/\/com360.cat\/es\/politica-de-cookies\/\" \/>\n<meta property=\"og:locale\" content=\"es_ES\" \/>\n<meta property=\"og:type\" content=\"article\" \/>\n<meta property=\"og:title\" content=\"Pol\u00edtica de cookies | Com360\u00ba\" \/>\n<meta property=\"og:url\" content=\"https:\/\/com360.cat\/es\/politica-de-cookies\/\" \/>\n<meta property=\"og:site_name\" content=\"Com360\u00ba\" \/>\n<meta property=\"article:modified_time\" content=\"2020-12-29T18:22:36+00:00\" \/>\n<meta property=\"og:image\" content=\"https:\/\/com360.cat\/wp-content\/uploads\/2020\/10\/cookies-1.jpg\" \/>\n<meta name=\"twitter:card\" content=\"summary_large_image\" \/>\n<meta name=\"twitter:label1\" content=\"Tiempo de lectura\" \/>\n\t<meta name=\"twitter:data1\" content=\"14 minutos\" \/>\n<script type=\"application\/ld+json\" class=\"yoast-schema-graph\">{\"@context\":\"https:\/\/schema.org\",\"@graph\":[{\"@type\":\"WebPage\",\"@id\":\"https:\/\/com360.cat\/es\/politica-de-cookies\/\",\"url\":\"https:\/\/com360.cat\/es\/politica-de-cookies\/\",\"name\":\"Pol\u00edtica de cookies | Com360\u00ba\",\"isPartOf\":{\"@id\":\"https:\/\/com360.cat\/es\/#website\"},\"datePublished\":\"2020-12-29T18:22:34+00:00\",\"dateModified\":\"2020-12-29T18:22:36+00:00\",\"breadcrumb\":{\"@id\":\"https:\/\/com360.cat\/es\/politica-de-cookies\/#breadcrumb\"},\"inLanguage\":\"es\",\"potentialAction\":[{\"@type\":\"ReadAction\",\"target\":[\"https:\/\/com360.cat\/es\/politica-de-cookies\/\"]}]},{\"@type\":\"BreadcrumbList\",\"@id\":\"https:\/\/com360.cat\/es\/politica-de-cookies\/#breadcrumb\",\"itemListElement\":[{\"@type\":\"ListItem\",\"position\":1,\"name\":\"Home\",\"item\":\"https:\/\/com360.cat\/es\/\"},{\"@type\":\"ListItem\",\"position\":2,\"name\":\"Pol\u00edtica de cookies\"}]},{\"@type\":\"WebSite\",\"@id\":\"https:\/\/com360.cat\/es\/#website\",\"url\":\"https:\/\/com360.cat\/es\/\",\"name\":\"Com360\u00ba\",\"description\":\"Comunicaci\u00f3 professional\",\"publisher\":{\"@id\":\"https:\/\/com360.cat\/es\/#organization\"},\"potentialAction\":[{\"@type\":\"SearchAction\",\"target\":{\"@type\":\"EntryPoint\",\"urlTemplate\":\"https:\/\/com360.cat\/es\/?s={search_term_string}\"},\"query-input\":\"required name=search_term_string\"}],\"inLanguage\":\"es\"},{\"@type\":\"Organization\",\"@id\":\"https:\/\/com360.cat\/es\/#organization\",\"name\":\"Rosa Rubi\u00f3 Com360 Grados, SL\",\"url\":\"https:\/\/com360.cat\/es\/\",\"logo\":{\"@type\":\"ImageObject\",\"inLanguage\":\"es\",\"@id\":\"https:\/\/com360.cat\/es\/#\/schema\/logo\/image\/\",\"url\":\"https:\/\/com360.cat\/wp-content\/uploads\/2020\/02\/logo-com360-496.png\",\"contentUrl\":\"https:\/\/com360.cat\/wp-content\/uploads\/2020\/02\/logo-com360-496.png\",\"width\":496,\"height\":93,\"caption\":\"Rosa Rubi\u00f3 Com360 Grados, SL\"},\"image\":{\"@id\":\"https:\/\/com360.cat\/es\/#\/schema\/logo\/image\/\"}}]}<\/script>\n<!-- \/ Yoast SEO plugin. -->","yoast_head_json":{"title":"Pol\u00edtica de cookies | Com360\u00ba","robots":{"index":"index","follow":"follow","max-snippet":"max-snippet:-1","max-image-preview":"max-image-preview:large","max-video-preview":"max-video-preview:-1"},"canonical":"https:\/\/com360.cat\/es\/politica-de-cookies\/","og_locale":"es_ES","og_type":"article","og_title":"Pol\u00edtica de cookies | Com360\u00ba","og_url":"https:\/\/com360.cat\/es\/politica-de-cookies\/","og_site_name":"Com360\u00ba","article_modified_time":"2020-12-29T18:22:36+00:00","og_image":[{"url":"https:\/\/com360.cat\/wp-content\/uploads\/2020\/10\/cookies-1.jpg"}],"twitter_card":"summary_large_image","twitter_misc":{"Tiempo de lectura":"14 minutos"},"schema":{"@context":"https:\/\/schema.org","@graph":[{"@type":"WebPage","@id":"https:\/\/com360.cat\/es\/politica-de-cookies\/","url":"https:\/\/com360.cat\/es\/politica-de-cookies\/","name":"Pol\u00edtica de cookies | Com360\u00ba","isPartOf":{"@id":"https:\/\/com360.cat\/es\/#website"},"datePublished":"2020-12-29T18:22:34+00:00","dateModified":"2020-12-29T18:22:36+00:00","breadcrumb":{"@id":"https:\/\/com360.cat\/es\/politica-de-cookies\/#breadcrumb"},"inLanguage":"es","potentialAction":[{"@type":"ReadAction","target":["https:\/\/com360.cat\/es\/politica-de-cookies\/"]}]},{"@type":"BreadcrumbList","@id":"https:\/\/com360.cat\/es\/politica-de-cookies\/#breadcrumb","itemListElement":[{"@type":"ListItem","position":1,"name":"Home","item":"https:\/\/com360.cat\/es\/"},{"@type":"ListItem","position":2,"name":"Pol\u00edtica de cookies"}]},{"@type":"WebSite","@id":"https:\/\/com360.cat\/es\/#website","url":"https:\/\/com360.cat\/es\/","name":"Com360\u00ba","description":"Comunicaci\u00f3 professional","publisher":{"@id":"https:\/\/com360.cat\/es\/#organization"},"potentialAction":[{"@type":"SearchAction","target":{"@type":"EntryPoint","urlTemplate":"https:\/\/com360.cat\/es\/?s={search_term_string}"},"query-input":"required name=search_term_string"}],"inLanguage":"es"},{"@type":"Organization","@id":"https:\/\/com360.cat\/es\/#organization","name":"Rosa Rubi\u00f3 Com360 Grados, SL","url":"https:\/\/com360.cat\/es\/","logo":{"@type":"ImageObject","inLanguage":"es","@id":"https:\/\/com360.cat\/es\/#\/schema\/logo\/image\/","url":"https:\/\/com360.cat\/wp-content\/uploads\/2020\/02\/logo-com360-496.png","contentUrl":"https:\/\/com360.cat\/wp-content\/uploads\/2020\/02\/logo-com360-496.png","width":496,"height":93,"caption":"Rosa Rubi\u00f3 Com360 Grados, SL"},"image":{"@id":"https:\/\/com360.cat\/es\/#\/schema\/logo\/image\/"}}]}},"_links":{"self":[{"href":"https:\/\/com360.cat\/es\/wp-json\/wp\/v2\/pages\/2375"}],"collection":[{"href":"https:\/\/com360.cat\/es\/wp-json\/wp\/v2\/pages"}],"about":[{"href":"https:\/\/com360.cat\/es\/wp-json\/wp\/v2\/types\/page"}],"author":[{"embeddable":true,"href":"https:\/\/com360.cat\/es\/wp-json\/wp\/v2\/users\/1"}],"replies":[{"embeddable":true,"href":"https:\/\/com360.cat\/es\/wp-json\/wp\/v2\/comments?post=2375"}],"version-history":[{"count":0,"href":"https:\/\/com360.cat\/es\/wp-json\/wp\/v2\/pages\/2375\/revisions"}],"wp:attachment":[{"href":"https:\/\/com360.cat\/es\/wp-json\/wp\/v2\/media?parent=2375"}],"curies":[{"name":"wp","href":"https:\/\/api.w.org\/{rel}","templated":true}]}}